{"id":25671,"date":"2025-09-25T19:22:11","date_gmt":"2025-09-25T19:22:11","guid":{"rendered":"https:\/\/safetyimpulse.com\/?page_id=25671"},"modified":"2026-01-28T12:36:07","modified_gmt":"2026-01-28T12:36:07","slug":"formation-securite-en-entreprise-safety-impulse","status":"publish","type":"page","link":"https:\/\/safetyimpulse.com\/","title":{"rendered":"Safety Impulse"},"content":{"rendered":"<p>SAFETY IMPULSE<br \/>\n\t\t\t<svg width=\"100%\" height=\"31\"><defs><pattern id=\"pattern-1760347350-20\" x=\"11\" y=\"0\" width=\"23\" height=\"32\" patternUnits=\"userSpaceOnUse\" ><path d=\"M20,9h3V0H0v9h3c2.209,0,4,1.791,4,4v6c0,2.209-1.791,4-4,4H0v9h23v-9h-3c-2.209,0-4-1.791-4-4v-6C16,10.791,17.791,9,20,9z\" \/><\/pattern><\/defs><rect x=\"0\" y=\"0\" width=\"100%\" height=\"32\" style=\"fill: url(#pattern-1760347350-20);\" \/><\/svg>\t\t<\/p>\n<p style=\"text-align: left\">Chez Safety Impulse, Nous pla\u00e7ons l\u2019humain et l\u2019immersion au c\u0153ur de la culture s\u00e9curit\u00e9.<\/p>\n<p style=\"text-align: left\">Notre mission ? Vous offrir des ateliers et des formations qui sont de vraies exp\u00e9riences engageantes.<\/p>\n<p style=\"text-align: left\">\u00c0 travers nos approches immersives, nous vous aidons \u00e0 transformer les comportements pour une pr\u00e9vention durable et positive.<\/p>\n<p style=\"text-align: left\">Ensemble, faisons de la s\u00e9curit\u00e9 un r\u00e9flexe naturel et une culture partag\u00e9e.<\/p>\n<p>\t\t\t<svg width=\"100%\" height=\"31\"><defs><pattern id=\"pattern-1760347350-70\" x=\"11\" y=\"0\" width=\"23\" height=\"32\" patternUnits=\"userSpaceOnUse\" ><path d=\"M20,9h3V0H0v9h3c2.209,0,4,1.791,4,4v6c0,2.209-1.791,4-4,4H0v9h23v-9h-3c-2.209,0-4-1.791-4-4v-6C16,10.791,17.791,9,20,9z\" \/><\/pattern><\/defs><rect x=\"0\" y=\"0\" width=\"100%\" height=\"32\" style=\"fill: url(#pattern-1760347350-70);\" \/><\/svg><br \/>\n\t\t\t\t\t\t\t\t<img fetchpriority=\"high\" width=\"1000\" height=\"561\" src=\"https:\/\/safetyimpulse.com\/wp-content\/uploads\/2025\/10\/img-staff-meet-1.jpg\" alt=\"formation s\u00e9curit\u00e9 en entreprise\" srcset=\"https:\/\/safetyimpulse.com\/wp-content\/uploads\/2025\/10\/img-staff-meet-1.jpg 1000w, https:\/\/safetyimpulse.com\/wp-content\/uploads\/2025\/10\/img-staff-meet-1-300x168.jpg 300w, https:\/\/safetyimpulse.com\/wp-content\/uploads\/2025\/10\/img-staff-meet-1-768x431.jpg 768w, https:\/\/safetyimpulse.com\/wp-content\/uploads\/2025\/10\/img-staff-meet-1-320x180.jpg 320w, https:\/\/safetyimpulse.com\/wp-content\/uploads\/2025\/10\/img-staff-meet-1-480x269.jpg 480w, https:\/\/safetyimpulse.com\/wp-content\/uploads\/2025\/10\/img-staff-meet-1-800x449.jpg 800w\" sizes=\"(max-width: 1000px) 100vw, 1000px\" \/><br \/>\n\t\t\t\t\tNos propositions<br \/>\n\t\t\t<svg width=\"100%\" height=\"31\"><defs><pattern id=\"pattern-1760347350-100\" x=\"11\" y=\"0\" width=\"23\" height=\"32\" patternUnits=\"userSpaceOnUse\" ><path d=\"M20,9h3V0H0v9h3c2.209,0,4,1.791,4,4v6c0,2.209-1.791,4-4,4H0v9h23v-9h-3c-2.209,0-4-1.791-4-4v-6C16,10.791,17.791,9,20,9z\" \/><\/pattern><\/defs><rect x=\"0\" y=\"0\" width=\"100%\" height=\"32\" style=\"fill: url(#pattern-1760347350-100);\" \/><\/svg><br \/>\n\t\t\t\t\t\t\t\t<img width=\"600\" height=\"600\" src=\"https:\/\/safetyimpulse.com\/wp-content\/uploads\/2025\/10\/thumb-img-atelier-safety.jpg\" alt=\"Safety Impulse - formation s\u00e9curit\u00e9 en entreprise\" srcset=\"https:\/\/safetyimpulse.com\/wp-content\/uploads\/2025\/10\/thumb-img-atelier-safety.jpg 600w, https:\/\/safetyimpulse.com\/wp-content\/uploads\/2025\/10\/thumb-img-atelier-safety-300x300.jpg 300w, https:\/\/safetyimpulse.com\/wp-content\/uploads\/2025\/10\/thumb-img-atelier-safety-150x150.jpg 150w, https:\/\/safetyimpulse.com\/wp-content\/uploads\/2025\/10\/thumb-img-atelier-safety-320x320.jpg 320w, https:\/\/safetyimpulse.com\/wp-content\/uploads\/2025\/10\/thumb-img-atelier-safety-480x480.jpg 480w, https:\/\/safetyimpulse.com\/wp-content\/uploads\/2025\/10\/thumb-img-atelier-safety-256x256.jpg 256w\" sizes=\"(max-width: 600px) 100vw, 600px\" \/><br \/>\n\t\t\t\t\t\t\tSafety Day &amp; Safety Week\t\t\t\t\t\t<\/p>\n<p style=\"text-align: left\">Lors de vos Safety Day ou Safety Week, nous animons des ateliers immersifs qui transforment la sensibilisation en une exp\u00e9rience vivante&#8230;<\/p>\n<p>\t\t\t\t\t\t\t\t\t\t\t\t<a href=\"https:\/\/safetyimpulse.com\/index.php\/formation-securite-en-entreprise-safety-day-et-safety-week\/\"><br \/>\n\t\t\t\t\t\t\t\t\tEn savoir plus&#8230;<br \/>\n\t\t\t\t\t\t<\/a><br \/>\n\t\t\t<svg width=\"100%\" height=\"31\"><defs><pattern id=\"pattern-1760347350-18\" x=\"11\" y=\"0\" width=\"23\" height=\"32\" patternUnits=\"userSpaceOnUse\" ><path d=\"M20,9h3V0H0v9h3c2.209,0,4,1.791,4,4v6c0,2.209-1.791,4-4,4H0v9h23v-9h-3c-2.209,0-4-1.791-4-4v-6C16,10.791,17.791,9,20,9z\" \/><\/pattern><\/defs><rect x=\"0\" y=\"0\" width=\"100%\" height=\"32\" style=\"fill: url(#pattern-1760347350-18);\" \/><\/svg><br \/>\n\t\t\t\t\t\t\t\t<img width=\"800\" height=\"821\" src=\"https:\/\/safetyimpulse.com\/wp-content\/uploads\/2025\/10\/img-team-safety.jpg\" alt=\"formation s\u00e9curit\u00e9 en entreprise\" srcset=\"https:\/\/safetyimpulse.com\/wp-content\/uploads\/2025\/10\/img-team-safety.jpg 800w, https:\/\/safetyimpulse.com\/wp-content\/uploads\/2025\/10\/img-team-safety-292x300.jpg 292w, https:\/\/safetyimpulse.com\/wp-content\/uploads\/2025\/10\/img-team-safety-768x788.jpg 768w, https:\/\/safetyimpulse.com\/wp-content\/uploads\/2025\/10\/img-team-safety-320x328.jpg 320w, https:\/\/safetyimpulse.com\/wp-content\/uploads\/2025\/10\/img-team-safety-480x493.jpg 480w\" sizes=\"(max-width: 800px) 100vw, 800px\" \/><br \/>\n\t\t\t\t\t\t\tManagement et Culture S\u00e9curit\u00e9\t\t\t\t\t\t<\/p>\n<p style=\"text-align: left\">Nous accompagnons vos \u00e9quipes dirigeantes et managers pour int\u00e9grer la culture de s\u00e9curit\u00e9 \u00e0<br \/>tous les niveaux de l\u2019entreprise&#8230;<\/p>\n<p>\t\t\t\t\t\t\t\t\t\t\t\t<a href=\"https:\/\/safetyimpulse.com\/index.php\/management-et-culture-securite\/\"><br \/>\n\t\t\t\t\t\t\t\t\tEn savoir plus&#8230;<br \/>\n\t\t\t\t\t\t<\/a><br \/>\n\t\t\t<svg width=\"100%\" height=\"31\"><defs><pattern id=\"pattern-1760347350-48\" x=\"11\" y=\"0\" width=\"23\" height=\"32\" patternUnits=\"userSpaceOnUse\" ><path d=\"M20,9h3V0H0v9h3c2.209,0,4,1.791,4,4v6c0,2.209-1.791,4-4,4H0v9h23v-9h-3c-2.209,0-4-1.791-4-4v-6C16,10.791,17.791,9,20,9z\" \/><\/pattern><\/defs><rect x=\"0\" y=\"0\" width=\"100%\" height=\"32\" style=\"fill: url(#pattern-1760347350-48);\" \/><\/svg><br \/>\n\t\t\t\t\t\t\t\t<img loading=\"lazy\" width=\"800\" height=\"821\" src=\"https:\/\/safetyimpulse.com\/wp-content\/uploads\/2025\/10\/img-collaboration.jpg\" alt=\"formation s\u00e9curit\u00e9 en entreprise\" srcset=\"https:\/\/safetyimpulse.com\/wp-content\/uploads\/2025\/10\/img-collaboration.jpg 800w, https:\/\/safetyimpulse.com\/wp-content\/uploads\/2025\/10\/img-collaboration-292x300.jpg 292w, https:\/\/safetyimpulse.com\/wp-content\/uploads\/2025\/10\/img-collaboration-768x788.jpg 768w, https:\/\/safetyimpulse.com\/wp-content\/uploads\/2025\/10\/img-collaboration-320x328.jpg 320w, https:\/\/safetyimpulse.com\/wp-content\/uploads\/2025\/10\/img-collaboration-480x493.jpg 480w\" sizes=\"(max-width: 800px) 100vw, 800px\" \/><br \/>\n\t\t\t\t\t\t\tS\u00e9curit\u00e9 sur Mesure\t\t\t\t\t\t<\/p>\n<p style=\"text-align: left\">Chaque entreprise est unique, c\u2019est pourquoi nous concevons des formations enti\u00e8rement<br \/>adapt\u00e9es \u00e0 vos besoins sp\u00e9cifiques&#8230;<\/p>\n<p>\t\t\t\t\t\t\t\t\t\t\t\t<a href=\"https:\/\/safetyimpulse.com\/index.php\/securite-sur-mesure\/\"><br \/>\n\t\t\t\t\t\t\t\t\tEn savoir plus&#8230;<br \/>\n\t\t\t\t\t\t<\/a><br \/>\n\t\t\t\t\tQUI SOMMES-NOUS ?<br \/>\n\t\t\t<svg width=\"100%\" height=\"31\"><defs><pattern id=\"pattern-1760347350-54\" x=\"11\" y=\"0\" width=\"23\" height=\"32\" patternUnits=\"userSpaceOnUse\" ><path d=\"M20,9h3V0H0v9h3c2.209,0,4,1.791,4,4v6c0,2.209-1.791,4-4,4H0v9h23v-9h-3c-2.209,0-4-1.791-4-4v-6C16,10.791,17.791,9,20,9z\" \/><\/pattern><\/defs><rect x=\"0\" y=\"0\" width=\"100%\" height=\"32\" style=\"fill: url(#pattern-1760347350-54);\" \/><\/svg>\t\t<\/p>\n<p style=\"text-align: left\">Fort de plus de 20 ans d\u2019exp\u00e9rience dans la cr\u00e9ation d\u2019ateliers de sensibilisation et de formations cibl\u00e9es, nos formateur\u00b7rices ont accompagn\u00e9 de nombreuses entreprises et institutions dans leurs d\u00e9marches de pr\u00e9vention.<\/p>\n<p style=\"text-align: left\">Notre ambition est de faire de la culture s\u00e9curit\u00e9 une valeur r\u00e9ellement partag\u00e9e et v\u00e9cue par chacun\u00b7e, \u00e0 travers des exp\u00e9riences engageantes, inclusives et durables.<\/p>\n<p style=\"text-align: left\">Notre mission : transformer la culture s\u00e9curit\u00e9 en une valeur partag\u00e9e et v\u00e9cue par toutes et tous, gr\u00e2ce \u00e0 des exp\u00e9riences engageantes, inclusives et impactantes.<\/p>\n<p>\t\t\t<svg width=\"100%\" height=\"31\"><defs><pattern id=\"pattern-1760347350-77\" x=\"11\" y=\"0\" width=\"23\" height=\"32\" patternUnits=\"userSpaceOnUse\" ><path d=\"M20,9h3V0H0v9h3c2.209,0,4,1.791,4,4v6c0,2.209-1.791,4-4,4H0v9h23v-9h-3c-2.209,0-4-1.791-4-4v-6C16,10.791,17.791,9,20,9z\" \/><\/pattern><\/defs><rect x=\"0\" y=\"0\" width=\"100%\" height=\"32\" style=\"fill: url(#pattern-1760347350-77);\" \/><\/svg><br \/>\n\t\t\t\t\t\t\t\t<img loading=\"lazy\" width=\"1778\" height=\"1000\" src=\"https:\/\/safetyimpulse.com\/wp-content\/uploads\/2025\/10\/img-brainstorming.jpg\" alt=\"formation s\u00e9curit\u00e9 en entreprise\" srcset=\"https:\/\/safetyimpulse.com\/wp-content\/uploads\/2025\/10\/img-brainstorming.jpg 1778w, https:\/\/safetyimpulse.com\/wp-content\/uploads\/2025\/10\/img-brainstorming-300x169.jpg 300w, https:\/\/safetyimpulse.com\/wp-content\/uploads\/2025\/10\/img-brainstorming-1024x576.jpg 1024w, https:\/\/safetyimpulse.com\/wp-content\/uploads\/2025\/10\/img-brainstorming-768x432.jpg 768w, https:\/\/safetyimpulse.com\/wp-content\/uploads\/2025\/10\/img-brainstorming-1536x864.jpg 1536w, https:\/\/safetyimpulse.com\/wp-content\/uploads\/2025\/10\/img-brainstorming-320x180.jpg 320w, https:\/\/safetyimpulse.com\/wp-content\/uploads\/2025\/10\/img-brainstorming-480x270.jpg 480w, https:\/\/safetyimpulse.com\/wp-content\/uploads\/2025\/10\/img-brainstorming-800x450.jpg 800w\" sizes=\"(max-width: 1778px) 100vw, 1778px\" \/><br \/>\n\t\t\t\t\tContactez-nous\t\t\t\t\tUne question?<br \/>\n\t\t\t<svg width=\"100%\" height=\"31\"><defs><pattern id=\"pattern-1760347350-12\" x=\"11\" y=\"0\" width=\"23\" height=\"32\" patternUnits=\"userSpaceOnUse\" ><path d=\"M20,9h3V0H0v9h3c2.209,0,4,1.791,4,4v6c0,2.209-1.791,4-4,4H0v9h23v-9h-3c-2.209,0-4-1.791-4-4v-6C16,10.791,17.791,9,20,9z\" \/><\/pattern><\/defs><rect x=\"0\" y=\"0\" width=\"100%\" height=\"32\" style=\"fill: url(#pattern-1760347350-12);\" \/><\/svg>\t\t<\/p>\n<p style=\"text-align: left\">Vous souhaitez en savoir plus sur nos ateliers immersifs ou obtenir un accompagnement personnalis\u00e9 pour renforcer la culture s\u00e9curit\u00e9 au sein de votre organisation ?<\/p>\n<p style=\"text-align: left\">Notre \u00e9quipe est \u00e0 votre \u00e9coute pour r\u00e9pondre \u00e0 vos besoins, vous conseiller et vous guider dans vos d\u00e9marches.<\/p>\n<p style=\"text-align: left\">N\u2019h\u00e9sitez pas \u00e0 nous contacter : nous serons ravis d\u2019\u00e9changer avec vous et de trouver ensemble les solutions les plus adapt\u00e9es \u00e0 vos enjeux.<\/p>\n<p role=\"status\" aria-live=\"polite\" aria-atomic=\"true\">\n<ul><\/ul>\n<form action=\"\/wp-admin\/admin-ajax.php#wpcf7-f9-o3\" method=\"post\" aria-label=\"Contact form\" novalidate=\"novalidate\" data-status=\"init\">\n<fieldset><input type=\"hidden\" name=\"_wpcf7\" value=\"9\" \/><input type=\"hidden\" name=\"_wpcf7_version\" value=\"6.1.2\" \/><input type=\"hidden\" name=\"_wpcf7_locale\" value=\"fr_BE\" \/><input type=\"hidden\" name=\"_wpcf7_unit_tag\" value=\"wpcf7-f9-o3\" \/><input type=\"hidden\" name=\"_wpcf7_container_post\" value=\"0\" \/><input type=\"hidden\" name=\"_wpcf7_posted_data_hash\" value=\"\" \/><br \/>\n<\/fieldset>\n<table style=\"border-collapse: collapse; border: none; width: 100%;\">\n<tr>\n<td style=\"border: none; padding-right: 10px; width: 50%;\">\n      <label>Nom<br \/>\n        <input size=\"40\" maxlength=\"400\" aria-required=\"true\" aria-invalid=\"false\" value=\"\" type=\"text\" name=\"your-name\" \/><br \/>\n      <\/label>\n    <\/td>\n<td style=\"border: none; width: 50%;\">\n      <label>Pr\u00e9nom<br \/>\n        <input size=\"40\" maxlength=\"400\" aria-required=\"true\" aria-invalid=\"false\" value=\"\" type=\"text\" name=\"your-surname\" \/><br \/>\n      <\/label>\n    <\/td>\n<\/tr>\n<tr>\n<td style=\"border: none; padding-right: 10px;\">\n      <label>Entreprise<br \/>\n        <input size=\"40\" maxlength=\"400\" aria-required=\"true\" aria-invalid=\"false\" value=\"\" type=\"text\" name=\"company\" \/><br \/>\n      <\/label>\n    <\/td>\n<td style=\"border: none;\">\n      <label>T\u00e9l\u00e9phone<br \/>\n        <input size=\"40\" maxlength=\"400\" aria-required=\"true\" aria-invalid=\"false\" value=\"\" type=\"tel\" name=\"telephone\" \/><br \/>\n      <\/label>\n    <\/td>\n<\/tr>\n<tr>\n<td style=\"border: none; padding-right: 10px;\">\n      <label>Email<br \/>\n        <input size=\"40\" maxlength=\"400\" aria-required=\"true\" aria-invalid=\"false\" value=\"\" type=\"email\" name=\"email\" \/><br \/>\n      <\/label>\n    <\/td>\n<td style=\"border: none;\">\n      <label>Objet<br \/>\n        <input size=\"40\" maxlength=\"400\" aria-required=\"true\" aria-invalid=\"false\" value=\"\" type=\"text\" name=\"subject\" \/><br \/>\n      <\/label>\n    <\/td>\n<\/tr>\n<tr>\n<td colspan=\"2\" style=\"border: none;\">\n      <label>Votre message<br \/>\n        <textarea cols=\"40\" rows=\"10\" maxlength=\"2000\" aria-required=\"true\" aria-invalid=\"false\" name=\"message\"><\/textarea><br \/>\n      <\/label>\n    <\/td>\n<\/tr>\n<tr>\n<td colspan=\"2\" style=\"text-align: center; border: none;\">\n      <altcha-widget challengeurl=\"https:\/\/safetyimpulse.com\/index.php\/wp-json\/altcha\/v1\/challenge\" strings=\"{&quot;error&quot;:&quot;Verification failed. Try again later.&quot;,&quot;footer&quot;:&quot;Protected by &lt;a href=&quot;https:\/\/altcha.org\/&quot; target=&quot;_blank&quot;&gt;ALTCHA&lt;\/a&gt;&quot;,&quot;label&quot;:&quot;I&#039;m not a robot&quot;,&quot;verified&quot;:&quot;Verified&quot;,&quot;verifying&quot;:&quot;Verifying...&quot;,&quot;waitAlert&quot;:&quot;Verifying... please wait.&quot;}\" hidefooter=\"1\"><\/altcha-widget><noscript>This form requires JavaScript!<\/noscript><input type=\"submit\" value=\"Envoyer\" \/>\n    <\/td>\n<\/tr>\n<\/table>\n<p style=\"display: none !important;\" data-prefix=\"_wpcf7_ak_\"><label>&#916;<textarea name=\"_wpcf7_ak_hp_textarea\" cols=\"45\" rows=\"8\" maxlength=\"100\"><\/textarea><\/label><input type=\"hidden\" id=\"ak_js_3\" name=\"_wpcf7_ak_js\" value=\"127\"\/><\/p>\n<\/form>\n","protected":false},"excerpt":{"rendered":"<p>SAFETY IMPULSE Chez Safety Impulse, Nous pla\u00e7ons l\u2019humain et l\u2019immersion au c\u0153ur de la culture s\u00e9curit\u00e9. Notre mission ? Vous&#8230;<\/p>\n","protected":false},"author":2,"featured_media":0,"parent":0,"menu_order":0,"comment_status":"closed","ping_status":"closed","template":"","meta":{"footnotes":""},"class_list":["post-25671","page","type-page","status-publish"],"yoast_head":"<!-- This site is optimized with the Yoast SEO plugin v26.7 - https:\/\/yoast.com\/wordpress\/plugins\/seo\/ -->\n<title>Safety Impulse - Formation S\u00e9curit\u00e9 en Entreprise \uff5c SafetyImpulse<\/title>\n<meta name=\"description\" content=\"Formation S\u00e9curit\u00e9 en Entreprise \uff5c Renforcez la culture s\u00e9curit\u00e9 de votre entreprise gr\u00e2ce \u00e0 nos formations immersives.\" \/>\n<meta name=\"robots\" content=\"index, follow, max-snippet:-1, max-image-preview:large, max-video-preview:-1\" \/>\n<link rel=\"canonical\" href=\"https:\/\/safetyimpulse.com\/\" \/>\n<meta property=\"og:locale\" content=\"fr_FR\" \/>\n<meta property=\"og:type\" content=\"article\" \/>\n<meta property=\"og:title\" content=\"Safety Impulse - Formation S\u00e9curit\u00e9 en Entreprise \uff5c SafetyImpulse\" \/>\n<meta property=\"og:description\" content=\"Formation S\u00e9curit\u00e9 en Entreprise \uff5c Renforcez la culture s\u00e9curit\u00e9 de votre entreprise gr\u00e2ce \u00e0 nos formations immersives.\" \/>\n<meta property=\"og:url\" content=\"https:\/\/safetyimpulse.com\/\" \/>\n<meta property=\"og:site_name\" content=\"Formation S\u00e9curit\u00e9 en Entreprise \uff5c SafetyImpulse\" \/>\n<meta property=\"article:modified_time\" content=\"2026-01-28T12:36:07+00:00\" \/>\n<meta property=\"og:image\" content=\"https:\/\/safetyimpulse.com\/wp-content\/uploads\/2025\/10\/img-staff-meet-1.jpg\" \/>\n<meta name=\"twitter:card\" content=\"summary_large_image\" \/>\n<meta name=\"twitter:label1\" content=\"Dur\u00e9e de lecture est.\" \/>\n\t<meta name=\"twitter:data1\" content=\"3 minutes\" \/>\n<script type=\"application\/ld+json\" class=\"yoast-schema-graph\">{\"@context\":\"https:\/\/schema.org\",\"@graph\":[{\"@type\":\"WebPage\",\"@id\":\"https:\/\/safetyimpulse.com\/\",\"url\":\"https:\/\/safetyimpulse.com\/\",\"name\":\"Safety Impulse - Formation S\u00e9curit\u00e9 en Entreprise \uff5c SafetyImpulse\",\"isPartOf\":{\"@id\":\"https:\/\/safetyimpulse.com\/#website\"},\"primaryImageOfPage\":{\"@id\":\"https:\/\/safetyimpulse.com\/#primaryimage\"},\"image\":{\"@id\":\"https:\/\/safetyimpulse.com\/#primaryimage\"},\"thumbnailUrl\":\"https:\/\/safetyimpulse.com\/wp-content\/uploads\/2025\/10\/img-staff-meet-1.jpg\",\"datePublished\":\"2025-09-25T19:22:11+00:00\",\"dateModified\":\"2026-01-28T12:36:07+00:00\",\"description\":\"Formation S\u00e9curit\u00e9 en Entreprise \uff5c Renforcez la culture s\u00e9curit\u00e9 de votre entreprise gr\u00e2ce \u00e0 nos formations immersives.\",\"breadcrumb\":{\"@id\":\"https:\/\/safetyimpulse.com\/#breadcrumb\"},\"inLanguage\":\"fr-BE\",\"potentialAction\":[{\"@type\":\"ReadAction\",\"target\":[\"https:\/\/safetyimpulse.com\/\"]}]},{\"@type\":\"ImageObject\",\"inLanguage\":\"fr-BE\",\"@id\":\"https:\/\/safetyimpulse.com\/#primaryimage\",\"url\":\"https:\/\/safetyimpulse.com\/wp-content\/uploads\/2025\/10\/img-staff-meet-1.jpg\",\"contentUrl\":\"https:\/\/safetyimpulse.com\/wp-content\/uploads\/2025\/10\/img-staff-meet-1.jpg\",\"width\":1000,\"height\":561,\"caption\":\"formation s\u00e9curit\u00e9 en entreprise\"},{\"@type\":\"BreadcrumbList\",\"@id\":\"https:\/\/safetyimpulse.com\/#breadcrumb\",\"itemListElement\":[{\"@type\":\"ListItem\",\"position\":1,\"name\":\"Accueil\",\"item\":\"https:\/\/safetyimpulse.com\/\"},{\"@type\":\"ListItem\",\"position\":2,\"name\":\"Safety Impulse\"}]},{\"@type\":\"WebSite\",\"@id\":\"https:\/\/safetyimpulse.com\/#website\",\"url\":\"https:\/\/safetyimpulse.com\/\",\"name\":\"Safety Impulse\",\"description\":\"L\u2019immersion au service d\u2019une pr\u00e9vention durable\",\"publisher\":{\"@id\":\"https:\/\/safetyimpulse.com\/#organization\"},\"potentialAction\":[{\"@type\":\"SearchAction\",\"target\":{\"@type\":\"EntryPoint\",\"urlTemplate\":\"https:\/\/safetyimpulse.com\/?s={search_term_string}\"},\"query-input\":{\"@type\":\"PropertyValueSpecification\",\"valueRequired\":true,\"valueName\":\"search_term_string\"}}],\"inLanguage\":\"fr-BE\"},{\"@type\":\"Organization\",\"@id\":\"https:\/\/safetyimpulse.com\/#organization\",\"name\":\"Safety Impulse\",\"url\":\"https:\/\/safetyimpulse.com\/\",\"logo\":{\"@type\":\"ImageObject\",\"inLanguage\":\"fr-BE\",\"@id\":\"https:\/\/safetyimpulse.com\/#\/schema\/logo\/image\/\",\"url\":\"https:\/\/safetyimpulse.com\/wp-content\/uploads\/2025\/10\/logo-safetyimpulse-cl.png\",\"contentUrl\":\"https:\/\/safetyimpulse.com\/wp-content\/uploads\/2025\/10\/logo-safetyimpulse-cl.png\",\"width\":1342,\"height\":500,\"caption\":\"Safety Impulse\"},\"image\":{\"@id\":\"https:\/\/safetyimpulse.com\/#\/schema\/logo\/image\/\"}}]}<\/script>\n<!-- \/ Yoast SEO plugin. -->","yoast_head_json":{"title":"Safety Impulse - Formation S\u00e9curit\u00e9 en Entreprise \uff5c SafetyImpulse","description":"Formation S\u00e9curit\u00e9 en Entreprise \uff5c Renforcez la culture s\u00e9curit\u00e9 de votre entreprise gr\u00e2ce \u00e0 nos formations immersives.","robots":{"index":"index","follow":"follow","max-snippet":"max-snippet:-1","max-image-preview":"max-image-preview:large","max-video-preview":"max-video-preview:-1"},"canonical":"https:\/\/safetyimpulse.com\/","og_locale":"fr_FR","og_type":"article","og_title":"Safety Impulse - Formation S\u00e9curit\u00e9 en Entreprise \uff5c SafetyImpulse","og_description":"Formation S\u00e9curit\u00e9 en Entreprise \uff5c Renforcez la culture s\u00e9curit\u00e9 de votre entreprise gr\u00e2ce \u00e0 nos formations immersives.","og_url":"https:\/\/safetyimpulse.com\/","og_site_name":"Formation S\u00e9curit\u00e9 en Entreprise \uff5c SafetyImpulse","article_modified_time":"2026-01-28T12:36:07+00:00","og_image":[{"url":"https:\/\/safetyimpulse.com\/wp-content\/uploads\/2025\/10\/img-staff-meet-1.jpg","type":"","width":"","height":""}],"twitter_card":"summary_large_image","twitter_misc":{"Dur\u00e9e de lecture est.":"3 minutes"},"schema":{"@context":"https:\/\/schema.org","@graph":[{"@type":"WebPage","@id":"https:\/\/safetyimpulse.com\/","url":"https:\/\/safetyimpulse.com\/","name":"Safety Impulse - Formation S\u00e9curit\u00e9 en Entreprise \uff5c SafetyImpulse","isPartOf":{"@id":"https:\/\/safetyimpulse.com\/#website"},"primaryImageOfPage":{"@id":"https:\/\/safetyimpulse.com\/#primaryimage"},"image":{"@id":"https:\/\/safetyimpulse.com\/#primaryimage"},"thumbnailUrl":"https:\/\/safetyimpulse.com\/wp-content\/uploads\/2025\/10\/img-staff-meet-1.jpg","datePublished":"2025-09-25T19:22:11+00:00","dateModified":"2026-01-28T12:36:07+00:00","description":"Formation S\u00e9curit\u00e9 en Entreprise \uff5c Renforcez la culture s\u00e9curit\u00e9 de votre entreprise gr\u00e2ce \u00e0 nos formations immersives.","breadcrumb":{"@id":"https:\/\/safetyimpulse.com\/#breadcrumb"},"inLanguage":"fr-BE","potentialAction":[{"@type":"ReadAction","target":["https:\/\/safetyimpulse.com\/"]}]},{"@type":"ImageObject","inLanguage":"fr-BE","@id":"https:\/\/safetyimpulse.com\/#primaryimage","url":"https:\/\/safetyimpulse.com\/wp-content\/uploads\/2025\/10\/img-staff-meet-1.jpg","contentUrl":"https:\/\/safetyimpulse.com\/wp-content\/uploads\/2025\/10\/img-staff-meet-1.jpg","width":1000,"height":561,"caption":"formation s\u00e9curit\u00e9 en entreprise"},{"@type":"BreadcrumbList","@id":"https:\/\/safetyimpulse.com\/#breadcrumb","itemListElement":[{"@type":"ListItem","position":1,"name":"Accueil","item":"https:\/\/safetyimpulse.com\/"},{"@type":"ListItem","position":2,"name":"Safety Impulse"}]},{"@type":"WebSite","@id":"https:\/\/safetyimpulse.com\/#website","url":"https:\/\/safetyimpulse.com\/","name":"Safety Impulse","description":"L\u2019immersion au service d\u2019une pr\u00e9vention durable","publisher":{"@id":"https:\/\/safetyimpulse.com\/#organization"},"potentialAction":[{"@type":"SearchAction","target":{"@type":"EntryPoint","urlTemplate":"https:\/\/safetyimpulse.com\/?s={search_term_string}"},"query-input":{"@type":"PropertyValueSpecification","valueRequired":true,"valueName":"search_term_string"}}],"inLanguage":"fr-BE"},{"@type":"Organization","@id":"https:\/\/safetyimpulse.com\/#organization","name":"Safety Impulse","url":"https:\/\/safetyimpulse.com\/","logo":{"@type":"ImageObject","inLanguage":"fr-BE","@id":"https:\/\/safetyimpulse.com\/#\/schema\/logo\/image\/","url":"https:\/\/safetyimpulse.com\/wp-content\/uploads\/2025\/10\/logo-safetyimpulse-cl.png","contentUrl":"https:\/\/safetyimpulse.com\/wp-content\/uploads\/2025\/10\/logo-safetyimpulse-cl.png","width":1342,"height":500,"caption":"Safety Impulse"},"image":{"@id":"https:\/\/safetyimpulse.com\/#\/schema\/logo\/image\/"}}]}},"_links":{"self":[{"href":"https:\/\/safetyimpulse.com\/index.php\/wp-json\/wp\/v2\/pages\/25671","targetHints":{"allow":["GET"]}}],"collection":[{"href":"https:\/\/safetyimpulse.com\/index.php\/wp-json\/wp\/v2\/pages"}],"about":[{"href":"https:\/\/safetyimpulse.com\/index.php\/wp-json\/wp\/v2\/types\/page"}],"author":[{"embeddable":true,"href":"https:\/\/safetyimpulse.com\/index.php\/wp-json\/wp\/v2\/users\/2"}],"replies":[{"embeddable":true,"href":"https:\/\/safetyimpulse.com\/index.php\/wp-json\/wp\/v2\/comments?post=25671"}],"version-history":[{"count":203,"href":"https:\/\/safetyimpulse.com\/index.php\/wp-json\/wp\/v2\/pages\/25671\/revisions"}],"predecessor-version":[{"id":26300,"href":"https:\/\/safetyimpulse.com\/index.php\/wp-json\/wp\/v2\/pages\/25671\/revisions\/26300"}],"wp:attachment":[{"href":"https:\/\/safetyimpulse.com\/index.php\/wp-json\/wp\/v2\/media?parent=25671"}],"curies":[{"name":"wp","href":"https:\/\/api.w.org\/{rel}","templated":true}]}}