{"id":26262,"date":"2025-10-13T08:51:18","date_gmt":"2025-10-13T08:51:18","guid":{"rendered":"https:\/\/safetyimpulse.com\/?page_id=26262"},"modified":"2025-10-13T09:04:20","modified_gmt":"2025-10-13T09:04:20","slug":"securite-sur-mesure","status":"publish","type":"page","link":"https:\/\/safetyimpulse.com\/index.php\/securite-sur-mesure\/","title":{"rendered":"S\u00e9curit\u00e9 sur Mesure"},"content":{"rendered":"\t\t<div data-elementor-type=\"wp-page\" data-elementor-id=\"26262\" class=\"elementor elementor-26262\">\n\t\t\t\t\t\t<section class=\"elementor-section elementor-top-section elementor-element elementor-element-4bc9707 elementor-section-stretched elementor-section-height-min-height elementor-section-boxed elementor-section-height-default elementor-section-items-middle\" data-id=\"4bc9707\" data-element_type=\"section\" data-settings=\"{&quot;stretch_section&quot;:&quot;section-stretched&quot;}\">\r\n\t\t\t\t\t\t<div class=\"elementor-container elementor-column-gap-thegem\"><div class=\"elementor-row\">\r\n\t\t\t\t\t<div class=\"elementor-column elementor-col-100 elementor-top-column elementor-element elementor-element-48ec0e9\" data-id=\"48ec0e9\" data-element_type=\"column\">\n\t\t\t<div class=\"elementor-widget-wrap elementor-element-populated\">\n\t\t\t\t\t\t<section class=\"elementor-section elementor-inner-section elementor-element elementor-element-6808712 elementor-section-boxed elementor-section-height-default elementor-section-height-default\" data-id=\"6808712\" data-element_type=\"section\">\r\n\t\t\t\t\t\t<div class=\"elementor-container elementor-column-gap-thegem\"><div class=\"elementor-row\">\r\n\t\t\t\t\t<div class=\"elementor-column elementor-col-100 elementor-inner-column elementor-element elementor-element-e1b4db3\" data-id=\"e1b4db3\" data-element_type=\"column\">\n\t\t\t<div class=\"elementor-widget-wrap elementor-element-populated\">\n\t\t\t\t\t\t<div class=\"elementor-element elementor-element-6d65df3 flex-horizontal-align-default flex-horizontal-align-tablet-default flex-horizontal-align-mobile-default flex-vertical-align-default flex-vertical-align-tablet-default flex-vertical-align-mobile-default elementor-widget elementor-widget-thegem-styled-textbox\" data-id=\"6d65df3\" data-element_type=\"widget\" data-settings=\"{&quot;thegem_elementor_preset&quot;:&quot;basic&quot;}\" data-widget_type=\"thegem-styled-textbox.default\">\n\t\t\t\t<div class=\"elementor-widget-container\">\n\t\t\t\t\t\n<div class=\"gem-textbox styled-textbox-basic\">\n\n\t\n\t\t<div class=\"gem-textbox-top gem-textbox-top-note-1 default-fill\">\n\t\t\t<svg width=\"100%\" height=\"31\"><defs><pattern id=\"pattern-1776411667-23\" x=\"11\" y=\"0\" width=\"23\" height=\"32\" patternUnits=\"userSpaceOnUse\" ><path d=\"M20,9h3V0H0v9h3c2.209,0,4,1.791,4,4v6c0,2.209-1.791,4-4,4H0v9h23v-9h-3c-2.209,0-4-1.791-4-4v-6C16,10.791,17.791,9,20,9z\" \/><\/pattern><\/defs><rect x=\"0\" y=\"0\" width=\"100%\" height=\"32\" style=\"fill: url(#pattern-1776411667-23);\" \/><\/svg>\t\t<\/div>\n\t\n\t<div class=\"gem-textbox-inner\">\n\n\t\t<div class=\"gem-textbox-content default-background icon-top gem-textbox-icon-image-wrapping-none\">\n\n\t\t\t\n\t\t\t<div class=\"gem-texbox-text-wrapper\">\n\n\t\t\t\t\t\t\t\t\t\n\t\t\t\t\t\n\t\t\t\t\t\t<div class=\"gem-textbox-description gem-text-output\">\n\t\t\t\t\t\t\t<p dir=\"ltr\">Chaque entreprise est unique, c\u2019est pourquoi nous concevons des formations enti\u00e8rement adapt\u00e9es \u00e0 vos besoins sp\u00e9cifiques. Ensemble, nous construisons un programme personnalis\u00e9 qui refl\u00e8te vos enjeux, vos risques et vos objectifs, pour une culture s\u00e9curit\u00e9 profond\u00e9ment ancr\u00e9e.<\/p>\t\t\t\t\t\t<\/div>\n\n\t\t\t\t\t\n\t\t\t\t\n\t\t\t\t\n\t\t\t<\/div>\n\n\t\t<\/div>\n\n\t<\/div>\n\n\t\n\t\t<div class=\"gem-textbox-bottom gem-textbox-bottom-none default-fill\">\n\t\t\t\t<\/div>\n\t\n\t\n<\/div>\n\t\t\t\t<\/div>\n\t\t\t\t<\/div>\n\t\t\t\t\t<\/div>\n\t\t<\/div>\n\t\t\t\t\t<\/div><\/div>\r\n\t\t<\/section>\r\n\t\t\t\t\t<\/div>\n\t\t<\/div>\n\t\t\t\t\t<\/div><\/div>\r\n\t\t<\/section>\r\n\t\t\t\t<section class=\"elementor-section elementor-top-section elementor-element elementor-element-7a43030 elementor-section-stretched elementor-section-height-min-height elementor-section-boxed elementor-section-height-default elementor-section-items-middle\" data-id=\"7a43030\" data-element_type=\"section\" data-settings=\"{&quot;stretch_section&quot;:&quot;section-stretched&quot;}\">\r\n\t\t\t\t\t\t<div class=\"elementor-container elementor-column-gap-thegem\"><div class=\"elementor-row\">\r\n\t\t\t\t\t<div class=\"elementor-column elementor-col-100 elementor-top-column elementor-element elementor-element-00812ae\" data-id=\"00812ae\" data-element_type=\"column\">\n\t\t\t<div class=\"elementor-widget-wrap elementor-element-populated\">\n\t\t\t\t\t\t<section class=\"elementor-section elementor-inner-section elementor-element elementor-element-763d201 elementor-section-boxed elementor-section-height-default elementor-section-height-default\" data-id=\"763d201\" data-element_type=\"section\">\r\n\t\t\t\t\t\t<div class=\"elementor-container elementor-column-gap-thegem\"><div class=\"elementor-row\">\r\n\t\t\t\t\t<div class=\"elementor-column elementor-col-50 elementor-inner-column elementor-element elementor-element-de0b195\" data-id=\"de0b195\" data-element_type=\"column\">\n\t\t\t<div class=\"elementor-widget-wrap elementor-element-populated\">\n\t\t\t\t\t\t<div class=\"elementor-element elementor-element-36cc4b3 flex-horizontal-align-default flex-horizontal-align-tablet-default flex-horizontal-align-mobile-default flex-vertical-align-default flex-vertical-align-tablet-default flex-vertical-align-mobile-default elementor-widget elementor-widget-thegem-styled-textbox\" data-id=\"36cc4b3\" data-element_type=\"widget\" data-settings=\"{&quot;thegem_elementor_preset&quot;:&quot;basic&quot;}\" data-widget_type=\"thegem-styled-textbox.default\">\n\t\t\t\t<div class=\"elementor-widget-container\">\n\t\t\t\t\t\n<div class=\"gem-textbox styled-textbox-basic\">\n\n\t\n\t\t<div class=\"gem-textbox-top gem-textbox-top-note-1 default-fill\">\n\t\t\t<svg width=\"100%\" height=\"31\"><defs><pattern id=\"pattern-1776411667-70\" x=\"11\" y=\"0\" width=\"23\" height=\"32\" patternUnits=\"userSpaceOnUse\" ><path d=\"M20,9h3V0H0v9h3c2.209,0,4,1.791,4,4v6c0,2.209-1.791,4-4,4H0v9h23v-9h-3c-2.209,0-4-1.791-4-4v-6C16,10.791,17.791,9,20,9z\" \/><\/pattern><\/defs><rect x=\"0\" y=\"0\" width=\"100%\" height=\"32\" style=\"fill: url(#pattern-1776411667-70);\" \/><\/svg>\t\t<\/div>\n\t\n\t<div class=\"gem-textbox-inner\">\n\n\t\t<div class=\"gem-textbox-content default-background icon-top gem-textbox-icon-image-wrapping-none\">\n\n\t\t\t\n\t\t\t<div class=\"gem-texbox-text-wrapper\">\n\n\t\t\t\t\t\t\t\t\t\n\t\t\t\t\t\t<div class=\"gem-textbox-title title-h6 bold\">\n\t\t\t\t\t\t\tDes formations con\u00e7ues pour vos besoins sp\u00e9cifiques\t\t\t\t\t\t<\/div>\n\n\t\t\t\t\t\n\t\t\t\t\t\n\t\t\t\t\t\t<div class=\"gem-textbox-description gem-text-output\">\n\t\t\t\t\t\t\t<p dir=\"ltr\" style=\"text-align: left\">Chaque organisation a ses risques, ses r\u00e9alit\u00e9s et ses priorit\u00e9s.<br \/>Nos <strong>formations sur mesure<\/strong> s\u2019adaptent \u00e0 votre terrain et \u00e0 vos objectifs pour renforcer durablement les comp\u00e9tences et les r\u00e9flexes de s\u00e9curit\u00e9 de vos \u00e9quipes.<\/p><p dir=\"ltr\" style=\"text-align: left\">Ensemble, nous concevons des <strong>parcours p\u00e9dagogiques uniques<\/strong>, alliant contenus techniques, mises en situation et outils de suivi, pour que la pr\u00e9vention s\u2019ancre dans la pratique quotidienne.<\/p><p dir=\"ltr\" style=\"text-align: left\">Du diagnostic \u00e0 l\u2019\u00e9valuation des acquis, Safety Impulse vous accompagne pas \u00e0 pas vers une <strong>culture s\u00e9curit\u00e9 forte, partag\u00e9e et durable<\/strong>.<\/p>\t\t\t\t\t\t<\/div>\n\n\t\t\t\t\t\n\t\t\t\t\n\t\t\t\t\n\t\t\t<\/div>\n\n\t\t<\/div>\n\n\t<\/div>\n\n\t\n\t\t<div class=\"gem-textbox-bottom gem-textbox-bottom-none default-fill\">\n\t\t\t\t<\/div>\n\t\n\t\n<\/div>\n\t\t\t\t<\/div>\n\t\t\t\t<\/div>\n\t\t\t\t\t<\/div>\n\t\t<\/div>\n\t\t\t\t<div class=\"elementor-column elementor-col-50 elementor-inner-column elementor-element elementor-element-565f617\" data-id=\"565f617\" data-element_type=\"column\">\n\t\t\t<div class=\"elementor-widget-wrap elementor-element-populated\">\n\t\t\t\t\t\t<div class=\"elementor-element elementor-element-71c0d02 flex-horizontal-align-default flex-horizontal-align-tablet-default flex-horizontal-align-mobile-default flex-vertical-align-default flex-vertical-align-tablet-default flex-vertical-align-mobile-default elementor-widget elementor-widget-thegem-styled-textbox\" data-id=\"71c0d02\" data-element_type=\"widget\" data-settings=\"{&quot;thegem_elementor_preset&quot;:&quot;basic&quot;}\" data-widget_type=\"thegem-styled-textbox.default\">\n\t\t\t\t<div class=\"elementor-widget-container\">\n\t\t\t\t\t\n<div class=\"gem-textbox styled-textbox-basic\">\n\n\t\n\t\t<div class=\"gem-textbox-top gem-textbox-top-note-1 default-fill\">\n\t\t\t<svg width=\"100%\" height=\"31\"><defs><pattern id=\"pattern-1776411667-80\" x=\"11\" y=\"0\" width=\"23\" height=\"32\" patternUnits=\"userSpaceOnUse\" ><path d=\"M20,9h3V0H0v9h3c2.209,0,4,1.791,4,4v6c0,2.209-1.791,4-4,4H0v9h23v-9h-3c-2.209,0-4-1.791-4-4v-6C16,10.791,17.791,9,20,9z\" \/><\/pattern><\/defs><rect x=\"0\" y=\"0\" width=\"100%\" height=\"32\" style=\"fill: url(#pattern-1776411667-80);\" \/><\/svg>\t\t<\/div>\n\t\n\t<div class=\"gem-textbox-inner\">\n\n\t\t<div class=\"gem-textbox-content default-background icon-top gem-textbox-icon-image-wrapping-none\">\n\n\t\t\t\t\t\t\t<div class=\"gem-texbox-icon-image-wrapper\">\n\n\t\t\t\t\t\t\t\t\t\t\t<div class=\"gem-image\">\n\t\t\t\t\t\t\t<span>\n\t\t\t\t\t\t\t\t<img fetchpriority=\"high\" width=\"1778\" height=\"1000\" src=\"https:\/\/safetyimpulse.com\/wp-content\/uploads\/2025\/10\/slide-brainstorming.jpg\" class=\"attachment-full size-full wp-image-26285\" alt=\"Formation S\u00e9curit\u00e9 en Entreprise\" srcset=\"https:\/\/safetyimpulse.com\/wp-content\/uploads\/2025\/10\/slide-brainstorming.jpg 1778w, https:\/\/safetyimpulse.com\/wp-content\/uploads\/2025\/10\/slide-brainstorming-300x169.jpg 300w, https:\/\/safetyimpulse.com\/wp-content\/uploads\/2025\/10\/slide-brainstorming-1024x576.jpg 1024w, https:\/\/safetyimpulse.com\/wp-content\/uploads\/2025\/10\/slide-brainstorming-768x432.jpg 768w, https:\/\/safetyimpulse.com\/wp-content\/uploads\/2025\/10\/slide-brainstorming-1536x864.jpg 1536w, https:\/\/safetyimpulse.com\/wp-content\/uploads\/2025\/10\/slide-brainstorming-320x180.jpg 320w, https:\/\/safetyimpulse.com\/wp-content\/uploads\/2025\/10\/slide-brainstorming-480x270.jpg 480w, https:\/\/safetyimpulse.com\/wp-content\/uploads\/2025\/10\/slide-brainstorming-800x450.jpg 800w\" sizes=\"(max-width: 1778px) 100vw, 1778px\" \/>\t\t\t\t\t\t\t<\/span>\n\t\t\t\t\t\t<\/div>\n\n\t\t\t\t\t\n\t\t\t\t\t\n\t\t\t\t<\/div>\n\t\t\t\n\t\t\t<div class=\"gem-texbox-text-wrapper\">\n\n\t\t\t\t\t\t\t\t\t\n\t\t\t\t\t\n\t\t\t\t\n\t\t\t\t\n\t\t\t<\/div>\n\n\t\t<\/div>\n\n\t<\/div>\n\n\t\n\t\t<div class=\"gem-textbox-bottom gem-textbox-bottom-none default-fill\">\n\t\t\t\t<\/div>\n\t\n\t\n<\/div>\n\t\t\t\t<\/div>\n\t\t\t\t<\/div>\n\t\t\t\t\t<\/div>\n\t\t<\/div>\n\t\t\t\t\t<\/div><\/div>\r\n\t\t<\/section>\r\n\t\t\t\t\t<\/div>\n\t\t<\/div>\n\t\t\t\t\t<\/div><\/div>\r\n\t\t<\/section>\r\n\t\t<div class=\"elementor-element elementor-element-26eeded thegem-e-con-layout-thegem e-flex e-con-boxed e-con e-parent\" data-id=\"26eeded\" data-element_type=\"container\" data-settings=\"{&quot;thegem_container_layout&quot;:&quot;thegem&quot;}\">\r\n\t\t\t\t\t<div class=\"e-con-inner\">\r\n\t\t<div class=\"elementor-element elementor-element-e4f3459 e-con-full thegem-e-con-layout-thegem e-flex e-con e-child\" data-id=\"e4f3459\" data-element_type=\"container\" data-settings=\"{&quot;thegem_container_layout&quot;:&quot;thegem&quot;}\">\r\n\t\t\t\t<\/div>\n\t\t<div class=\"elementor-element elementor-element-7215ef6 e-con-full thegem-e-con-layout-thegem e-flex e-con e-child\" data-id=\"7215ef6\" data-element_type=\"container\" data-settings=\"{&quot;thegem_container_layout&quot;:&quot;thegem&quot;}\">\r\n\t\t\t\t<div class=\"elementor-element elementor-element-b3e8d53 flex-horizontal-align-default flex-horizontal-align-tablet-default flex-horizontal-align-mobile-default flex-vertical-align-default flex-vertical-align-tablet-default flex-vertical-align-mobile-default elementor-widget elementor-widget-thegem-styledbutton\" data-id=\"b3e8d53\" data-element_type=\"widget\" data-settings=\"{&quot;thegem_button_skin&quot;:&quot;flat&quot;,&quot;add_icon&quot;:&quot;yes&quot;}\" data-widget_type=\"thegem-styledbutton.default\">\n\t\t\t\t<div class=\"elementor-widget-container\">\n\t\t\t\t\t\n<div class=\"gem-button-container gem-widget-button\">\n\n\t\t<a class=\"gem-button gem-button-size-medium gem-button-text-weight-bold gem-button-style-flat\" href=\"https:\/\/safetyimpulse.com\/#contact\">\n\t\t<span class=\"gem-inner-wrapper-btn\">\n\t\t\t\t\t\t<span class=\"gem-text-button\">\n\t\t\t\tRecevoir une proposition personnalis\u00e9e\t\t\t<\/span>\n\t\t<\/span>\n\t<\/a>\n\n\t\n<\/div>\t\t\t\t<\/div>\n\t\t\t\t<\/div>\n\t\t\t\t<\/div>\n\t\t<div class=\"elementor-element elementor-element-589b879 e-con-full thegem-e-con-layout-thegem e-flex e-con e-child\" data-id=\"589b879\" data-element_type=\"container\" data-settings=\"{&quot;thegem_container_layout&quot;:&quot;thegem&quot;}\">\r\n\t\t\t\t<\/div>\n\t\t\t\t\t<\/div>\n\t\t\t\t<\/div>\n\t\t\t\t<\/div>\n\t\t","protected":false},"excerpt":{"rendered":"<p>Chaque entreprise est unique, c\u2019est pourquoi nous concevons des formations enti\u00e8rement adapt\u00e9es \u00e0 vos besoins sp\u00e9cifiques. Ensemble, nous construisons un&#8230;<\/p>\n","protected":false},"author":2,"featured_media":0,"parent":0,"menu_order":0,"comment_status":"closed","ping_status":"closed","template":"page-fullwidth.php","meta":{"footnotes":""},"class_list":["post-26262","page","type-page","status-publish"],"yoast_head":"<!-- This site is optimized with the Yoast SEO plugin v26.7 - https:\/\/yoast.com\/wordpress\/plugins\/seo\/ -->\n<title>S\u00e9curit\u00e9 sur Mesure - Formation S\u00e9curit\u00e9 en Entreprise \uff5c SafetyImpulse<\/title>\n<meta name=\"description\" content=\"Formation S\u00e9curit\u00e9 en Entreprise \uff5c Renforcez la culture s\u00e9curit\u00e9 de votre entreprise gr\u00e2ce \u00e0 nos formations immersives.\" \/>\n<meta name=\"robots\" content=\"index, follow, max-snippet:-1, max-image-preview:large, max-video-preview:-1\" \/>\n<link rel=\"canonical\" href=\"https:\/\/safetyimpulse.com\/index.php\/securite-sur-mesure\/\" \/>\n<meta property=\"og:locale\" content=\"fr_FR\" \/>\n<meta property=\"og:type\" content=\"article\" \/>\n<meta property=\"og:title\" content=\"S\u00e9curit\u00e9 sur Mesure - Formation S\u00e9curit\u00e9 en Entreprise \uff5c SafetyImpulse\" \/>\n<meta property=\"og:description\" content=\"Formation S\u00e9curit\u00e9 en Entreprise \uff5c Renforcez la culture s\u00e9curit\u00e9 de votre entreprise gr\u00e2ce \u00e0 nos formations immersives.\" \/>\n<meta property=\"og:url\" content=\"https:\/\/safetyimpulse.com\/index.php\/securite-sur-mesure\/\" \/>\n<meta property=\"og:site_name\" content=\"Formation S\u00e9curit\u00e9 en Entreprise \uff5c SafetyImpulse\" \/>\n<meta property=\"article:modified_time\" content=\"2025-10-13T09:04:20+00:00\" \/>\n<meta property=\"og:image\" content=\"https:\/\/safetyimpulse.com\/wp-content\/uploads\/2025\/10\/slide-brainstorming.jpg\" \/>\n\t<meta property=\"og:image:width\" content=\"1778\" \/>\n\t<meta property=\"og:image:height\" content=\"1000\" \/>\n\t<meta property=\"og:image:type\" content=\"image\/jpeg\" \/>\n<meta name=\"twitter:card\" content=\"summary_large_image\" \/>\n<meta name=\"twitter:label1\" content=\"Dur\u00e9e de lecture est.\" \/>\n\t<meta name=\"twitter:data1\" content=\"1 minute\" \/>\n<script type=\"application\/ld+json\" class=\"yoast-schema-graph\">{\"@context\":\"https:\/\/schema.org\",\"@graph\":[{\"@type\":\"WebPage\",\"@id\":\"https:\/\/safetyimpulse.com\/index.php\/securite-sur-mesure\/\",\"url\":\"https:\/\/safetyimpulse.com\/index.php\/securite-sur-mesure\/\",\"name\":\"S\u00e9curit\u00e9 sur Mesure - Formation S\u00e9curit\u00e9 en Entreprise \uff5c SafetyImpulse\",\"isPartOf\":{\"@id\":\"https:\/\/safetyimpulse.com\/#website\"},\"primaryImageOfPage\":{\"@id\":\"https:\/\/safetyimpulse.com\/index.php\/securite-sur-mesure\/#primaryimage\"},\"image\":{\"@id\":\"https:\/\/safetyimpulse.com\/index.php\/securite-sur-mesure\/#primaryimage\"},\"thumbnailUrl\":\"https:\/\/safetyimpulse.com\/wp-content\/uploads\/2025\/10\/slide-brainstorming.jpg\",\"datePublished\":\"2025-10-13T08:51:18+00:00\",\"dateModified\":\"2025-10-13T09:04:20+00:00\",\"description\":\"Formation S\u00e9curit\u00e9 en Entreprise \uff5c Renforcez la culture s\u00e9curit\u00e9 de votre entreprise gr\u00e2ce \u00e0 nos formations immersives.\",\"breadcrumb\":{\"@id\":\"https:\/\/safetyimpulse.com\/index.php\/securite-sur-mesure\/#breadcrumb\"},\"inLanguage\":\"fr-BE\",\"potentialAction\":[{\"@type\":\"ReadAction\",\"target\":[\"https:\/\/safetyimpulse.com\/index.php\/securite-sur-mesure\/\"]}]},{\"@type\":\"ImageObject\",\"inLanguage\":\"fr-BE\",\"@id\":\"https:\/\/safetyimpulse.com\/index.php\/securite-sur-mesure\/#primaryimage\",\"url\":\"https:\/\/safetyimpulse.com\/wp-content\/uploads\/2025\/10\/slide-brainstorming.jpg\",\"contentUrl\":\"https:\/\/safetyimpulse.com\/wp-content\/uploads\/2025\/10\/slide-brainstorming.jpg\",\"width\":1778,\"height\":1000,\"caption\":\"Formation S\u00e9curit\u00e9 en Entreprise\"},{\"@type\":\"BreadcrumbList\",\"@id\":\"https:\/\/safetyimpulse.com\/index.php\/securite-sur-mesure\/#breadcrumb\",\"itemListElement\":[{\"@type\":\"ListItem\",\"position\":1,\"name\":\"Accueil\",\"item\":\"https:\/\/safetyimpulse.com\/\"},{\"@type\":\"ListItem\",\"position\":2,\"name\":\"S\u00e9curit\u00e9 sur Mesure\"}]},{\"@type\":\"WebSite\",\"@id\":\"https:\/\/safetyimpulse.com\/#website\",\"url\":\"https:\/\/safetyimpulse.com\/\",\"name\":\"Safety Impulse\",\"description\":\"L\u2019immersion au service d\u2019une pr\u00e9vention durable\",\"publisher\":{\"@id\":\"https:\/\/safetyimpulse.com\/#organization\"},\"potentialAction\":[{\"@type\":\"SearchAction\",\"target\":{\"@type\":\"EntryPoint\",\"urlTemplate\":\"https:\/\/safetyimpulse.com\/?s={search_term_string}\"},\"query-input\":{\"@type\":\"PropertyValueSpecification\",\"valueRequired\":true,\"valueName\":\"search_term_string\"}}],\"inLanguage\":\"fr-BE\"},{\"@type\":\"Organization\",\"@id\":\"https:\/\/safetyimpulse.com\/#organization\",\"name\":\"Safety Impulse\",\"url\":\"https:\/\/safetyimpulse.com\/\",\"logo\":{\"@type\":\"ImageObject\",\"inLanguage\":\"fr-BE\",\"@id\":\"https:\/\/safetyimpulse.com\/#\/schema\/logo\/image\/\",\"url\":\"https:\/\/safetyimpulse.com\/wp-content\/uploads\/2025\/10\/logo-safetyimpulse-cl.png\",\"contentUrl\":\"https:\/\/safetyimpulse.com\/wp-content\/uploads\/2025\/10\/logo-safetyimpulse-cl.png\",\"width\":1342,\"height\":500,\"caption\":\"Safety Impulse\"},\"image\":{\"@id\":\"https:\/\/safetyimpulse.com\/#\/schema\/logo\/image\/\"}}]}<\/script>\n<!-- \/ Yoast SEO plugin. -->","yoast_head_json":{"title":"S\u00e9curit\u00e9 sur Mesure - Formation S\u00e9curit\u00e9 en Entreprise \uff5c SafetyImpulse","description":"Formation S\u00e9curit\u00e9 en Entreprise \uff5c Renforcez la culture s\u00e9curit\u00e9 de votre entreprise gr\u00e2ce \u00e0 nos formations immersives.","robots":{"index":"index","follow":"follow","max-snippet":"max-snippet:-1","max-image-preview":"max-image-preview:large","max-video-preview":"max-video-preview:-1"},"canonical":"https:\/\/safetyimpulse.com\/index.php\/securite-sur-mesure\/","og_locale":"fr_FR","og_type":"article","og_title":"S\u00e9curit\u00e9 sur Mesure - Formation S\u00e9curit\u00e9 en Entreprise \uff5c SafetyImpulse","og_description":"Formation S\u00e9curit\u00e9 en Entreprise \uff5c Renforcez la culture s\u00e9curit\u00e9 de votre entreprise gr\u00e2ce \u00e0 nos formations immersives.","og_url":"https:\/\/safetyimpulse.com\/index.php\/securite-sur-mesure\/","og_site_name":"Formation S\u00e9curit\u00e9 en Entreprise \uff5c SafetyImpulse","article_modified_time":"2025-10-13T09:04:20+00:00","og_image":[{"width":1778,"height":1000,"url":"https:\/\/safetyimpulse.com\/wp-content\/uploads\/2025\/10\/slide-brainstorming.jpg","type":"image\/jpeg"}],"twitter_card":"summary_large_image","twitter_misc":{"Dur\u00e9e de lecture est.":"1 minute"},"schema":{"@context":"https:\/\/schema.org","@graph":[{"@type":"WebPage","@id":"https:\/\/safetyimpulse.com\/index.php\/securite-sur-mesure\/","url":"https:\/\/safetyimpulse.com\/index.php\/securite-sur-mesure\/","name":"S\u00e9curit\u00e9 sur Mesure - Formation S\u00e9curit\u00e9 en Entreprise \uff5c SafetyImpulse","isPartOf":{"@id":"https:\/\/safetyimpulse.com\/#website"},"primaryImageOfPage":{"@id":"https:\/\/safetyimpulse.com\/index.php\/securite-sur-mesure\/#primaryimage"},"image":{"@id":"https:\/\/safetyimpulse.com\/index.php\/securite-sur-mesure\/#primaryimage"},"thumbnailUrl":"https:\/\/safetyimpulse.com\/wp-content\/uploads\/2025\/10\/slide-brainstorming.jpg","datePublished":"2025-10-13T08:51:18+00:00","dateModified":"2025-10-13T09:04:20+00:00","description":"Formation S\u00e9curit\u00e9 en Entreprise \uff5c Renforcez la culture s\u00e9curit\u00e9 de votre entreprise gr\u00e2ce \u00e0 nos formations immersives.","breadcrumb":{"@id":"https:\/\/safetyimpulse.com\/index.php\/securite-sur-mesure\/#breadcrumb"},"inLanguage":"fr-BE","potentialAction":[{"@type":"ReadAction","target":["https:\/\/safetyimpulse.com\/index.php\/securite-sur-mesure\/"]}]},{"@type":"ImageObject","inLanguage":"fr-BE","@id":"https:\/\/safetyimpulse.com\/index.php\/securite-sur-mesure\/#primaryimage","url":"https:\/\/safetyimpulse.com\/wp-content\/uploads\/2025\/10\/slide-brainstorming.jpg","contentUrl":"https:\/\/safetyimpulse.com\/wp-content\/uploads\/2025\/10\/slide-brainstorming.jpg","width":1778,"height":1000,"caption":"Formation S\u00e9curit\u00e9 en Entreprise"},{"@type":"BreadcrumbList","@id":"https:\/\/safetyimpulse.com\/index.php\/securite-sur-mesure\/#breadcrumb","itemListElement":[{"@type":"ListItem","position":1,"name":"Accueil","item":"https:\/\/safetyimpulse.com\/"},{"@type":"ListItem","position":2,"name":"S\u00e9curit\u00e9 sur Mesure"}]},{"@type":"WebSite","@id":"https:\/\/safetyimpulse.com\/#website","url":"https:\/\/safetyimpulse.com\/","name":"Safety Impulse","description":"L\u2019immersion au service d\u2019une pr\u00e9vention durable","publisher":{"@id":"https:\/\/safetyimpulse.com\/#organization"},"potentialAction":[{"@type":"SearchAction","target":{"@type":"EntryPoint","urlTemplate":"https:\/\/safetyimpulse.com\/?s={search_term_string}"},"query-input":{"@type":"PropertyValueSpecification","valueRequired":true,"valueName":"search_term_string"}}],"inLanguage":"fr-BE"},{"@type":"Organization","@id":"https:\/\/safetyimpulse.com\/#organization","name":"Safety Impulse","url":"https:\/\/safetyimpulse.com\/","logo":{"@type":"ImageObject","inLanguage":"fr-BE","@id":"https:\/\/safetyimpulse.com\/#\/schema\/logo\/image\/","url":"https:\/\/safetyimpulse.com\/wp-content\/uploads\/2025\/10\/logo-safetyimpulse-cl.png","contentUrl":"https:\/\/safetyimpulse.com\/wp-content\/uploads\/2025\/10\/logo-safetyimpulse-cl.png","width":1342,"height":500,"caption":"Safety Impulse"},"image":{"@id":"https:\/\/safetyimpulse.com\/#\/schema\/logo\/image\/"}}]}},"_links":{"self":[{"href":"https:\/\/safetyimpulse.com\/index.php\/wp-json\/wp\/v2\/pages\/26262","targetHints":{"allow":["GET"]}}],"collection":[{"href":"https:\/\/safetyimpulse.com\/index.php\/wp-json\/wp\/v2\/pages"}],"about":[{"href":"https:\/\/safetyimpulse.com\/index.php\/wp-json\/wp\/v2\/types\/page"}],"author":[{"embeddable":true,"href":"https:\/\/safetyimpulse.com\/index.php\/wp-json\/wp\/v2\/users\/2"}],"replies":[{"embeddable":true,"href":"https:\/\/safetyimpulse.com\/index.php\/wp-json\/wp\/v2\/comments?post=26262"}],"version-history":[{"count":16,"href":"https:\/\/safetyimpulse.com\/index.php\/wp-json\/wp\/v2\/pages\/26262\/revisions"}],"predecessor-version":[{"id":26288,"href":"https:\/\/safetyimpulse.com\/index.php\/wp-json\/wp\/v2\/pages\/26262\/revisions\/26288"}],"wp:attachment":[{"href":"https:\/\/safetyimpulse.com\/index.php\/wp-json\/wp\/v2\/media?parent=26262"}],"curies":[{"name":"wp","href":"https:\/\/api.w.org\/{rel}","templated":true}]}}